{"id":13498,"date":"2022-06-06T14:55:22","date_gmt":"2022-06-06T18:55:22","guid":{"rendered":"https:\/\/commonwealthhf.com\/a-propos-de-nous\/"},"modified":"2022-08-04T09:19:41","modified_gmt":"2022-08-04T13:19:41","slug":"a-propos-de-nous","status":"publish","type":"page","link":"https:\/\/commonwealthhf.com\/fr\/a-propos-de-nous\/","title":{"rendered":"\u00c0 propos de nous"},"content":{"rendered":"<p><noscript><br \/>\n\t\t\t\t\tQui sommes nous ?!\t\t\t\t<\/noscript><br \/>\n\t\t\t<!-- close .eael-fancy-text-container --><\/p>\n<p>D\u00e9cors de Maison Commonwealth, Inc. est une entreprise familiale fond\u00e9e par les fr\u00e8res Levenson en 1946. L&#8217;entreprise a des centres de distributions \u00e0 Montr\u00e9al, au Qu\u00e9bec, et \u00e0 Willsboro, dans l&#8217;\u00e9tat de New York, o\u00f9 elle produit et importe des rev\u00eatements de fen\u00eatres, des coussins et des jet\u00e9s d\u00e9coratifs, des couvre-lits, des rideaux de douche, etc. Commonwealth vend ses produits partout en Am\u00e9rique du Nord. Nous sommes disponibles chez la plupart des grands d\u00e9taillants, notamment Costco, Walmart, Amazon, Rona\/Lowe&#8217;s, Wayfair, Home Depot et Linen Chest. Nous d\u00e9veloppons et distribuons plusieurs marques comme Thermaplus, Silver Clear, Outdoor decor, et Thermalogic.<\/p>\n<h2>Fond\u00e9e en 1946 par cinq fr\u00e8res &#8211; Myer, Jack, Morris, Philip, Saul Levenson<\/h2>\n<h2><a href=\"\"><\/a><\/h2>\n<p> La fabrication commence en Angleterre<\/p>\n<p>1957\t\t\t\t\t\t\t\t<\/p>\n<h2><a href=\"\">1968<\/a><\/h2>\n<ul>\n<li style=\"font-weight: 400;\" aria-level=\"3\">Harvey Levenson rejoint l&#8217;\u00e9quipe<\/li>\n<\/ul>\n<h2><a href=\"\">1970<\/a><\/h2>\n<p>Acquisition de Richmark international<\/p>\n<h2><a href=\"\">1980<\/a><\/h2>\n<ul>\n<li style=\"font-weight: 400;\" aria-level=\"3\">La fabrication commence \u00e0 New York<\/li>\n<\/ul>\n<h2><a href=\"\">1990<\/a><\/h2>\n<p>D\u00e9but de la distribution \u00e0 Champlain et Willsboro, New York<\/p>\n<h2><a href=\"\">2000<\/a><\/h2>\n<ul>\n<li style=\"font-weight: 400;\" aria-level=\"3\">Partenaire de fabrication dans le monde entier<\/li>\n<\/ul>\n<h2><a href=\"\">2001<\/a><\/h2>\n<p>Partenaire Homedepot de l&#8217;ann\u00e9e<\/p>\n<h2><a href=\"\">2014<\/a><\/h2>\n<p>Partenaires du progr\u00e8s<\/p>\n","protected":false},"excerpt":{"rendered":"<p>Qui sommes nous ?! D\u00e9cors de Maison Commonwealth, Inc. est une entreprise familiale fond\u00e9e par les fr\u00e8res Levenson en 1946. L&#8217;entreprise a des centres de distributions \u00e0 Montr\u00e9al, au Qu\u00e9bec, et \u00e0 Willsboro, dans l&#8217;\u00e9tat de New York, o\u00f9 elle produit et importe des rev\u00eatements de fen\u00eatres, des coussins et des jet\u00e9s d\u00e9coratifs, des couvre-lits, &hellip; <a href=\"https:\/\/commonwealthhf.com\/fr\/a-propos-de-nous\/\" class=\"more-link\">Continue reading <span class=\"screen-reader-text\">\u00c0 propos de nous<\/span><\/a><\/p>\n","protected":false},"author":1,"featured_media":0,"parent":0,"menu_order":0,"comment_status":"closed","ping_status":"closed","template":"","meta":{"nf_dc_page":"","_eb_attr":"","footnotes":""},"class_list":["post-13498","page","type-page","status-publish","hentry"],"_links":{"self":[{"href":"https:\/\/commonwealthhf.com\/fr\/wp-json\/wp\/v2\/pages\/13498","targetHints":{"allow":["GET"]}}],"collection":[{"href":"https:\/\/commonwealthhf.com\/fr\/wp-json\/wp\/v2\/pages"}],"about":[{"href":"https:\/\/commonwealthhf.com\/fr\/wp-json\/wp\/v2\/types\/page"}],"author":[{"embeddable":true,"href":"https:\/\/commonwealthhf.com\/fr\/wp-json\/wp\/v2\/users\/1"}],"replies":[{"embeddable":true,"href":"https:\/\/commonwealthhf.com\/fr\/wp-json\/wp\/v2\/comments?post=13498"}],"version-history":[{"count":41,"href":"https:\/\/commonwealthhf.com\/fr\/wp-json\/wp\/v2\/pages\/13498\/revisions"}],"predecessor-version":[{"id":14903,"href":"https:\/\/commonwealthhf.com\/fr\/wp-json\/wp\/v2\/pages\/13498\/revisions\/14903"}],"wp:attachment":[{"href":"https:\/\/commonwealthhf.com\/fr\/wp-json\/wp\/v2\/media?parent=13498"}],"curies":[{"name":"wp","href":"https:\/\/api.w.org\/{rel}","templated":true}]}}