{"id":13499,"date":"2022-06-08T19:37:10","date_gmt":"2022-06-08T23:37:10","guid":{"rendered":"https:\/\/commonwealthhf.com\/marques\/"},"modified":"2022-07-28T10:12:23","modified_gmt":"2022-07-28T14:12:23","slug":"marques","status":"publish","type":"page","link":"https:\/\/commonwealthhf.com\/fr\/marques\/","title":{"rendered":"Marques"},"content":{"rendered":"\t\t<div data-elementor-type=\"wp-page\" data-elementor-id=\"13499\" class=\"elementor elementor-13499 elementor-12828\">\n\t\t\t\t\t\t<section class=\"elementor-section elementor-top-section elementor-element elementor-element-d22cd50 elementor-section-stretched tm-column-break-ipad-no tm-col-stretched-none elementor-section-boxed elementor-section-height-default elementor-section-height-default\" data-id=\"d22cd50\" data-element_type=\"section\" data-e-type=\"section\" data-settings=\"{&quot;stretch_section&quot;:&quot;section-stretched&quot;}\">\n\t\t\t\t\t\t<div class=\"elementor-container elementor-column-gap-default\">\n\t\t\t\t\t<div class=\"elementor-column elementor-col-100 elementor-top-column elementor-element elementor-element-981868e\" data-id=\"981868e\" data-element_type=\"column\" data-e-type=\"column\">\n\t\t\t<div class=\"elementor-widget-wrap elementor-element-populated\">\n\t\t\t\t\t\t<div class=\"elementor-element elementor-element-d81a644 elementor-widget elementor-widget-text-editor\" data-id=\"d81a644\" data-element_type=\"widget\" data-e-type=\"widget\" data-widget_type=\"text-editor.default\">\n\t\t\t\t<div class=\"elementor-widget-container\">\n\t\t\t\t\t\t\t\t\t<h3 style=\"text-align: center;\">Nous sommes une famille de marques qui englobe tous les go\u00fbts et tous les styles, ancr\u00e9e dans une technologie innovante, un savoir-faire de qualit\u00e9 et le respect de l&#8217;environnement.<\/h3>\t\t\t\t\t\t\t\t<\/div>\n\t\t\t\t<\/div>\n\t\t\t\t<div class=\"elementor-element elementor-element-3423e41 elementor-hidden-mobile elementor-widget elementor-widget-image-gallery\" data-id=\"3423e41\" data-element_type=\"widget\" data-e-type=\"widget\" data-widget_type=\"image-gallery.default\">\n\t\t\t\t<div class=\"elementor-widget-container\">\n\t\t\t\t\t\t\t<div class=\"elementor-image-gallery\">\n\t\t\t<div id='gallery-1' class='gallery galleryid-13499 gallery-columns-3 gallery-size-medium'><figure class='gallery-item'>\n\t\t\t<div class='gallery-icon landscape'>\n\t\t\t\t<a data-elementor-open-lightbox=\"yes\" data-elementor-lightbox-slideshow=\"3423e41\" data-elementor-lightbox-title=\"thermalogic\" data-e-action-hash=\"#elementor-action%3Aaction%3Dlightbox%26settings%3DeyJpZCI6MTQ3NjIsInVybCI6Imh0dHBzOlwvXC9jb21tb253ZWFsdGhoZi5jb21cL3dwLWNvbnRlbnRcL3VwbG9hZHNcLzIwMjJcLzA3XC90aGVybWFsb2dpYy0xLnBuZyIsInNsaWRlc2hvdyI6IjM0MjNlNDEifQ%3D%3D\" href='https:\/\/commonwealthhf.com\/wp-content\/uploads\/2022\/07\/thermalogic-1.png'><img loading=\"lazy\" decoding=\"async\" loading=\"lazy\" width=\"300\" height=\"300\" src=\"https:\/\/commonwealthhf.com\/wp-content\/uploads\/2022\/07\/thermalogic-1-300x300.png\" class=\"attachment-medium size-medium\" alt=\"\" srcset=\"https:\/\/commonwealthhf.com\/wp-content\/uploads\/2022\/07\/thermalogic-1.png 300w, https:\/\/commonwealthhf.com\/wp-content\/uploads\/2022\/07\/thermalogic-1-150x150.png 150w, https:\/\/commonwealthhf.com\/wp-content\/uploads\/2022\/07\/thermalogic-1-100x100.png 100w\" sizes=\"auto, (max-width: 300px) 100vw, 300px\" data-id=\"14762\" \/><\/a>\n\t\t\t<\/div><\/figure><figure class='gallery-item'>\n\t\t\t<div class='gallery-icon landscape'>\n\t\t\t\t<a data-elementor-open-lightbox=\"yes\" data-elementor-lightbox-slideshow=\"3423e41\" data-elementor-lightbox-title=\"thermasheer\" data-e-action-hash=\"#elementor-action%3Aaction%3Dlightbox%26settings%3DeyJpZCI6MTQ3NjQsInVybCI6Imh0dHBzOlwvXC9jb21tb253ZWFsdGhoZi5jb21cL3dwLWNvbnRlbnRcL3VwbG9hZHNcLzIwMjJcLzA3XC90aGVybWFzaGVlci0xLnBuZyIsInNsaWRlc2hvdyI6IjM0MjNlNDEifQ%3D%3D\" href='https:\/\/commonwealthhf.com\/wp-content\/uploads\/2022\/07\/thermasheer-1.png'><img loading=\"lazy\" decoding=\"async\" loading=\"lazy\" width=\"300\" height=\"300\" src=\"https:\/\/commonwealthhf.com\/wp-content\/uploads\/2022\/07\/thermasheer-1-300x300.png\" class=\"attachment-medium size-medium\" alt=\"\" srcset=\"https:\/\/commonwealthhf.com\/wp-content\/uploads\/2022\/07\/thermasheer-1.png 300w, https:\/\/commonwealthhf.com\/wp-content\/uploads\/2022\/07\/thermasheer-1-150x150.png 150w, https:\/\/commonwealthhf.com\/wp-content\/uploads\/2022\/07\/thermasheer-1-100x100.png 100w\" sizes=\"auto, (max-width: 300px) 100vw, 300px\" data-id=\"14764\" \/><\/a>\n\t\t\t<\/div><\/figure><figure class='gallery-item'>\n\t\t\t<div class='gallery-icon landscape'>\n\t\t\t\t<a data-elementor-open-lightbox=\"yes\" data-elementor-lightbox-slideshow=\"3423e41\" data-elementor-lightbox-title=\"thermavoile\" data-e-action-hash=\"#elementor-action%3Aaction%3Dlightbox%26settings%3DeyJpZCI6MTQ3NjYsInVybCI6Imh0dHBzOlwvXC9jb21tb253ZWFsdGhoZi5jb21cL3dwLWNvbnRlbnRcL3VwbG9hZHNcLzIwMjJcLzA3XC90aGVybWF2b2lsZS0xLnBuZyIsInNsaWRlc2hvdyI6IjM0MjNlNDEifQ%3D%3D\" href='https:\/\/commonwealthhf.com\/wp-content\/uploads\/2022\/07\/thermavoile-1.png'><img loading=\"lazy\" decoding=\"async\" loading=\"lazy\" width=\"300\" height=\"300\" src=\"https:\/\/commonwealthhf.com\/wp-content\/uploads\/2022\/07\/thermavoile-1-300x300.png\" class=\"attachment-medium size-medium\" alt=\"\" srcset=\"https:\/\/commonwealthhf.com\/wp-content\/uploads\/2022\/07\/thermavoile-1.png 300w, https:\/\/commonwealthhf.com\/wp-content\/uploads\/2022\/07\/thermavoile-1-150x150.png 150w, https:\/\/commonwealthhf.com\/wp-content\/uploads\/2022\/07\/thermavoile-1-100x100.png 100w\" sizes=\"auto, (max-width: 300px) 100vw, 300px\" data-id=\"14766\" \/><\/a>\n\t\t\t<\/div><\/figure><figure class='gallery-item'>\n\t\t\t<div class='gallery-icon landscape'>\n\t\t\t\t<a data-elementor-open-lightbox=\"yes\" data-elementor-lightbox-slideshow=\"3423e41\" data-elementor-lightbox-title=\"10\" data-e-action-hash=\"#elementor-action%3Aaction%3Dlightbox%26settings%3DeyJpZCI6MTQwNjUsInVybCI6Imh0dHBzOlwvXC9jb21tb253ZWFsdGhoZi5jb21cL3dwLWNvbnRlbnRcL3VwbG9hZHNcLzIwMjJcLzA3XC8xMC5wbmciLCJzbGlkZXNob3ciOiIzNDIzZTQxIn0%3D\" href='https:\/\/commonwealthhf.com\/wp-content\/uploads\/2022\/07\/10.png'><img loading=\"lazy\" decoding=\"async\" loading=\"lazy\" width=\"300\" height=\"300\" src=\"https:\/\/commonwealthhf.com\/wp-content\/uploads\/2022\/07\/10-300x300.png\" class=\"attachment-medium size-medium\" alt=\"\" srcset=\"https:\/\/commonwealthhf.com\/wp-content\/uploads\/2022\/07\/10-300x300.png 300w, https:\/\/commonwealthhf.com\/wp-content\/uploads\/2022\/07\/10-150x150.png 150w, https:\/\/commonwealthhf.com\/wp-content\/uploads\/2022\/07\/10-20x20.png 20w, https:\/\/commonwealthhf.com\/wp-content\/uploads\/2022\/07\/10-100x100.png 100w, https:\/\/commonwealthhf.com\/wp-content\/uploads\/2022\/07\/10.png 400w\" sizes=\"auto, (max-width: 300px) 100vw, 300px\" data-id=\"14065\" \/><\/a>\n\t\t\t<\/div><\/figure><figure class='gallery-item'>\n\t\t\t<div class='gallery-icon landscape'>\n\t\t\t\t<a data-elementor-open-lightbox=\"yes\" data-elementor-lightbox-slideshow=\"3423e41\" data-elementor-lightbox-title=\"legacy\" data-e-action-hash=\"#elementor-action%3Aaction%3Dlightbox%26settings%3DeyJpZCI6MTQ3NjAsInVybCI6Imh0dHBzOlwvXC9jb21tb253ZWFsdGhoZi5jb21cL3dwLWNvbnRlbnRcL3VwbG9hZHNcLzIwMjJcLzA3XC9sZWdhY3ktMy5wbmciLCJzbGlkZXNob3ciOiIzNDIzZTQxIn0%3D\" href='https:\/\/commonwealthhf.com\/wp-content\/uploads\/2022\/07\/legacy-3.png'><img loading=\"lazy\" decoding=\"async\" loading=\"lazy\" width=\"300\" height=\"300\" src=\"https:\/\/commonwealthhf.com\/wp-content\/uploads\/2022\/07\/legacy-3-300x300.png\" class=\"attachment-medium size-medium\" alt=\"\" srcset=\"https:\/\/commonwealthhf.com\/wp-content\/uploads\/2022\/07\/legacy-3.png 300w, https:\/\/commonwealthhf.com\/wp-content\/uploads\/2022\/07\/legacy-3-150x150.png 150w, https:\/\/commonwealthhf.com\/wp-content\/uploads\/2022\/07\/legacy-3-100x100.png 100w\" sizes=\"auto, (max-width: 300px) 100vw, 300px\" data-id=\"14760\" \/><\/a>\n\t\t\t<\/div><\/figure><figure class='gallery-item'>\n\t\t\t<div class='gallery-icon landscape'>\n\t\t\t\t<a data-elementor-open-lightbox=\"yes\" data-elementor-lightbox-slideshow=\"3423e41\" data-elementor-lightbox-title=\"8\" data-e-action-hash=\"#elementor-action%3Aaction%3Dlightbox%26settings%3DeyJpZCI6MTQwNjEsInVybCI6Imh0dHBzOlwvXC9jb21tb253ZWFsdGhoZi5jb21cL3dwLWNvbnRlbnRcL3VwbG9hZHNcLzIwMjJcLzA3XC84LnBuZyIsInNsaWRlc2hvdyI6IjM0MjNlNDEifQ%3D%3D\" href='https:\/\/commonwealthhf.com\/wp-content\/uploads\/2022\/07\/8.png'><img loading=\"lazy\" decoding=\"async\" loading=\"lazy\" width=\"300\" height=\"300\" src=\"https:\/\/commonwealthhf.com\/wp-content\/uploads\/2022\/07\/8-300x300.png\" class=\"attachment-medium size-medium\" alt=\"\" srcset=\"https:\/\/commonwealthhf.com\/wp-content\/uploads\/2022\/07\/8-300x300.png 300w, https:\/\/commonwealthhf.com\/wp-content\/uploads\/2022\/07\/8-150x150.png 150w, https:\/\/commonwealthhf.com\/wp-content\/uploads\/2022\/07\/8-20x20.png 20w, https:\/\/commonwealthhf.com\/wp-content\/uploads\/2022\/07\/8-100x100.png 100w, https:\/\/commonwealthhf.com\/wp-content\/uploads\/2022\/07\/8.png 400w\" sizes=\"auto, (max-width: 300px) 100vw, 300px\" data-id=\"14061\" \/><\/a>\n\t\t\t<\/div><\/figure><figure class='gallery-item'>\n\t\t\t<div class='gallery-icon landscape'>\n\t\t\t\t<a data-elementor-open-lightbox=\"yes\" data-elementor-lightbox-slideshow=\"3423e41\" data-elementor-lightbox-title=\"4\" data-e-action-hash=\"#elementor-action%3Aaction%3Dlightbox%26settings%3DeyJpZCI6MTM0NzMsInVybCI6Imh0dHBzOlwvXC9jb21tb253ZWFsdGhoZi5jb21cL3dwLWNvbnRlbnRcL3VwbG9hZHNcLzIwMjJcLzA2XC80LTEucG5nIiwic2xpZGVzaG93IjoiMzQyM2U0MSJ9\" href='https:\/\/commonwealthhf.com\/wp-content\/uploads\/2022\/06\/4-1.png'><img loading=\"lazy\" decoding=\"async\" loading=\"lazy\" width=\"300\" height=\"300\" src=\"https:\/\/commonwealthhf.com\/wp-content\/uploads\/2022\/06\/4-1-300x300.png\" class=\"attachment-medium size-medium\" alt=\"\" srcset=\"https:\/\/commonwealthhf.com\/wp-content\/uploads\/2022\/06\/4-1-300x300.png 300w, https:\/\/commonwealthhf.com\/wp-content\/uploads\/2022\/06\/4-1-150x150.png 150w, https:\/\/commonwealthhf.com\/wp-content\/uploads\/2022\/06\/4-1-20x20.png 20w, https:\/\/commonwealthhf.com\/wp-content\/uploads\/2022\/06\/4-1-100x100.png 100w, https:\/\/commonwealthhf.com\/wp-content\/uploads\/2022\/06\/4-1.png 400w\" sizes=\"auto, (max-width: 300px) 100vw, 300px\" data-id=\"13473\" \/><\/a>\n\t\t\t<\/div><\/figure><figure class='gallery-item'>\n\t\t\t<div class='gallery-icon landscape'>\n\t\t\t\t<a data-elementor-open-lightbox=\"yes\" data-elementor-lightbox-slideshow=\"3423e41\" data-elementor-lightbox-title=\"1\" data-e-action-hash=\"#elementor-action%3Aaction%3Dlightbox%26settings%3DeyJpZCI6MTQwNDcsInVybCI6Imh0dHBzOlwvXC9jb21tb253ZWFsdGhoZi5jb21cL3dwLWNvbnRlbnRcL3VwbG9hZHNcLzIwMjJcLzA3XC8xLnBuZyIsInNsaWRlc2hvdyI6IjM0MjNlNDEifQ%3D%3D\" href='https:\/\/commonwealthhf.com\/wp-content\/uploads\/2022\/07\/1.png'><img loading=\"lazy\" decoding=\"async\" loading=\"lazy\" width=\"300\" height=\"300\" src=\"https:\/\/commonwealthhf.com\/wp-content\/uploads\/2022\/07\/1-300x300.png\" class=\"attachment-medium size-medium\" alt=\"\" srcset=\"https:\/\/commonwealthhf.com\/wp-content\/uploads\/2022\/07\/1-300x300.png 300w, https:\/\/commonwealthhf.com\/wp-content\/uploads\/2022\/07\/1-150x150.png 150w, https:\/\/commonwealthhf.com\/wp-content\/uploads\/2022\/07\/1-20x20.png 20w, https:\/\/commonwealthhf.com\/wp-content\/uploads\/2022\/07\/1-100x100.png 100w, https:\/\/commonwealthhf.com\/wp-content\/uploads\/2022\/07\/1.png 400w\" sizes=\"auto, (max-width: 300px) 100vw, 300px\" data-id=\"14047\" \/><\/a>\n\t\t\t<\/div><\/figure><figure class='gallery-item'>\n\t\t\t<div class='gallery-icon landscape'>\n\t\t\t\t<a data-elementor-open-lightbox=\"yes\" data-elementor-lightbox-slideshow=\"3423e41\" data-elementor-lightbox-title=\"11\" data-e-action-hash=\"#elementor-action%3Aaction%3Dlightbox%26settings%3DeyJpZCI6MTQwNjcsInVybCI6Imh0dHBzOlwvXC9jb21tb253ZWFsdGhoZi5jb21cL3dwLWNvbnRlbnRcL3VwbG9hZHNcLzIwMjJcLzA3XC8xMS5wbmciLCJzbGlkZXNob3ciOiIzNDIzZTQxIn0%3D\" href='https:\/\/commonwealthhf.com\/wp-content\/uploads\/2022\/07\/11.png'><img loading=\"lazy\" decoding=\"async\" loading=\"lazy\" width=\"300\" height=\"300\" src=\"https:\/\/commonwealthhf.com\/wp-content\/uploads\/2022\/07\/11-300x300.png\" class=\"attachment-medium size-medium\" alt=\"\" srcset=\"https:\/\/commonwealthhf.com\/wp-content\/uploads\/2022\/07\/11-300x300.png 300w, https:\/\/commonwealthhf.com\/wp-content\/uploads\/2022\/07\/11-150x150.png 150w, https:\/\/commonwealthhf.com\/wp-content\/uploads\/2022\/07\/11-20x20.png 20w, https:\/\/commonwealthhf.com\/wp-content\/uploads\/2022\/07\/11-100x100.png 100w, https:\/\/commonwealthhf.com\/wp-content\/uploads\/2022\/07\/11.png 400w\" sizes=\"auto, (max-width: 300px) 100vw, 300px\" data-id=\"14067\" \/><\/a>\n\t\t\t<\/div><\/figure><figure class='gallery-item'>\n\t\t\t<div class='gallery-icon landscape'>\n\t\t\t\t<a data-elementor-open-lightbox=\"yes\" data-elementor-lightbox-slideshow=\"3423e41\" data-elementor-lightbox-title=\"7\" data-e-action-hash=\"#elementor-action%3Aaction%3Dlightbox%26settings%3DeyJpZCI6MTQwNTksInVybCI6Imh0dHBzOlwvXC9jb21tb253ZWFsdGhoZi5jb21cL3dwLWNvbnRlbnRcL3VwbG9hZHNcLzIwMjJcLzA3XC83LnBuZyIsInNsaWRlc2hvdyI6IjM0MjNlNDEifQ%3D%3D\" href='https:\/\/commonwealthhf.com\/wp-content\/uploads\/2022\/07\/7.png'><img loading=\"lazy\" decoding=\"async\" loading=\"lazy\" width=\"300\" height=\"300\" src=\"https:\/\/commonwealthhf.com\/wp-content\/uploads\/2022\/07\/7-300x300.png\" class=\"attachment-medium size-medium\" alt=\"\" srcset=\"https:\/\/commonwealthhf.com\/wp-content\/uploads\/2022\/07\/7-300x300.png 300w, https:\/\/commonwealthhf.com\/wp-content\/uploads\/2022\/07\/7-150x150.png 150w, https:\/\/commonwealthhf.com\/wp-content\/uploads\/2022\/07\/7-20x20.png 20w, https:\/\/commonwealthhf.com\/wp-content\/uploads\/2022\/07\/7-100x100.png 100w, https:\/\/commonwealthhf.com\/wp-content\/uploads\/2022\/07\/7.png 400w\" sizes=\"auto, (max-width: 300px) 100vw, 300px\" data-id=\"14059\" \/><\/a>\n\t\t\t<\/div><\/figure>\n\t\t<\/div>\n\t\t<\/div>\n\t\t\t\t\t\t<\/div>\n\t\t\t\t<\/div>\n\t\t\t\t\t<\/div>\n\t\t<\/div>\n\t\t\t\t\t<\/div>\n\t\t<\/section>\n\t\t\t\t<\/div>\n\t\t","protected":false},"excerpt":{"rendered":"<p>Nous sommes une famille de marques qui englobe tous les go\u00fbts et tous les styles, ancr\u00e9e dans une technologie innovante, un savoir-faire de qualit\u00e9 et le respect de l&#8217;environnement.<\/p>\n","protected":false},"author":1,"featured_media":0,"parent":0,"menu_order":0,"comment_status":"closed","ping_status":"closed","template":"","meta":{"nf_dc_page":"","_eb_attr":"","footnotes":""},"class_list":["post-13499","page","type-page","status-publish","hentry"],"_links":{"self":[{"href":"https:\/\/commonwealthhf.com\/fr\/wp-json\/wp\/v2\/pages\/13499","targetHints":{"allow":["GET"]}}],"collection":[{"href":"https:\/\/commonwealthhf.com\/fr\/wp-json\/wp\/v2\/pages"}],"about":[{"href":"https:\/\/commonwealthhf.com\/fr\/wp-json\/wp\/v2\/types\/page"}],"author":[{"embeddable":true,"href":"https:\/\/commonwealthhf.com\/fr\/wp-json\/wp\/v2\/users\/1"}],"replies":[{"embeddable":true,"href":"https:\/\/commonwealthhf.com\/fr\/wp-json\/wp\/v2\/comments?post=13499"}],"version-history":[{"count":19,"href":"https:\/\/commonwealthhf.com\/fr\/wp-json\/wp\/v2\/pages\/13499\/revisions"}],"predecessor-version":[{"id":14769,"href":"https:\/\/commonwealthhf.com\/fr\/wp-json\/wp\/v2\/pages\/13499\/revisions\/14769"}],"wp:attachment":[{"href":"https:\/\/commonwealthhf.com\/fr\/wp-json\/wp\/v2\/media?parent=13499"}],"curies":[{"name":"wp","href":"https:\/\/api.w.org\/{rel}","templated":true}]}}