{"id":13803,"date":"2022-06-28T23:10:54","date_gmt":"2022-06-29T03:10:54","guid":{"rendered":"https:\/\/commonwealthhf.com\/catalog\/"},"modified":"2023-09-12T13:38:10","modified_gmt":"2023-09-12T17:38:10","slug":"catalog","status":"publish","type":"page","link":"https:\/\/commonwealthhf.com\/fr\/catalog\/","title":{"rendered":"catalogue"},"content":{"rendered":"\t\t<div data-elementor-type=\"wp-page\" data-elementor-id=\"13803\" class=\"elementor elementor-13803 elementor-13684\">\n\t\t\t\t\t\t<section class=\"elementor-section elementor-top-section elementor-element elementor-element-31cc6bd elementor-section-stretched tm-column-break-ipad-no tm-col-stretched-none elementor-section-boxed elementor-section-height-default elementor-section-height-default\" data-id=\"31cc6bd\" data-element_type=\"section\" data-e-type=\"section\" data-settings=\"{&quot;stretch_section&quot;:&quot;section-stretched&quot;}\">\n\t\t\t\t\t\t<div class=\"elementor-container elementor-column-gap-default\">\n\t\t\t\t\t<div class=\"elementor-column elementor-col-100 elementor-top-column elementor-element elementor-element-9bd8af2\" data-id=\"9bd8af2\" data-element_type=\"column\" data-e-type=\"column\">\n\t\t\t<div class=\"elementor-widget-wrap elementor-element-populated\">\n\t\t\t\t\t\t<div class=\"elementor-element elementor-element-dffbaaf elementor-widget__width-initial eael-infobox-content-align--center eael-infobox-shape-square eael-infobox-hover-img-shape-square elementor-widget elementor-widget-eael-info-box\" data-id=\"dffbaaf\" data-element_type=\"widget\" data-e-type=\"widget\" data-widget_type=\"eael-info-box.default\">\n\t\t\t\t<div class=\"elementor-widget-container\">\n\t\t\t\t\t        <div class=\"eael-infobox icon-on-top\">\n\t            <div class=\"infobox-icon\">\n\n                            <img decoding=\"async\" loading=\"lazy\" src=\"https:\/\/commonwealthhf.com\/wp-content\/uploads\/2022\/08\/Seller.png\" alt=\"\">\n            \n            \n            \n        <\/div>\n            <div class=\"infobox-content\">\n                    <div class=\"infobox-title-section\">\n                <h2 class=\"title\">Catalogue du vendeur<\/h2>            <\/div>\n            <div><p>Pour acc\u00e9der \u00e0 notre catalogue de vendeurs dropshipping, vous devez \u00eatre un vendeur v\u00e9rifi\u00e9<\/p><\/div>        <div class=\"infobox-button\">\n            <a class=\"eael-infobox-button\" href=\"https:\/\/commonwealthhf.com\/fr\/catalogue-vendeur\/\">\n                                                <span class=\"infobox-button-text\">Voir Plus<\/span>\n                            <\/a>\n        <\/div>\n            <\/div>\n            <\/div>\n\n\t\t\t\t\t\t<\/div>\n\t\t\t\t<\/div>\n\t\t\t\t\t<\/div>\n\t\t<\/div>\n\t\t\t\t\t<\/div>\n\t\t<\/section>\n\t\t\t\t<\/div>\n\t\t","protected":false},"excerpt":{"rendered":"<p>Catalogue du vendeur Pour acc\u00e9der \u00e0 notre catalogue de vendeurs dropshipping, vous devez \u00eatre un vendeur v\u00e9rifi\u00e9 Voir Plus<\/p>\n","protected":false},"author":1,"featured_media":0,"parent":0,"menu_order":0,"comment_status":"closed","ping_status":"closed","template":"","meta":{"nf_dc_page":"","_eb_attr":"","footnotes":""},"class_list":["post-13803","page","type-page","status-publish","hentry"],"_links":{"self":[{"href":"https:\/\/commonwealthhf.com\/fr\/wp-json\/wp\/v2\/pages\/13803","targetHints":{"allow":["GET"]}}],"collection":[{"href":"https:\/\/commonwealthhf.com\/fr\/wp-json\/wp\/v2\/pages"}],"about":[{"href":"https:\/\/commonwealthhf.com\/fr\/wp-json\/wp\/v2\/types\/page"}],"author":[{"embeddable":true,"href":"https:\/\/commonwealthhf.com\/fr\/wp-json\/wp\/v2\/users\/1"}],"replies":[{"embeddable":true,"href":"https:\/\/commonwealthhf.com\/fr\/wp-json\/wp\/v2\/comments?post=13803"}],"version-history":[{"count":48,"href":"https:\/\/commonwealthhf.com\/fr\/wp-json\/wp\/v2\/pages\/13803\/revisions"}],"predecessor-version":[{"id":15411,"href":"https:\/\/commonwealthhf.com\/fr\/wp-json\/wp\/v2\/pages\/13803\/revisions\/15411"}],"wp:attachment":[{"href":"https:\/\/commonwealthhf.com\/fr\/wp-json\/wp\/v2\/media?parent=13803"}],"curies":[{"name":"wp","href":"https:\/\/api.w.org\/{rel}","templated":true}]}}